{"id":739,"date":"2024-04-11T11:43:15","date_gmt":"2024-04-11T09:43:15","guid":{"rendered":"http:\/\/www.chiampesanfabris.it\/it\/?page_id=739"},"modified":"2025-11-27T15:59:34","modified_gmt":"2025-11-27T14:59:34","slug":"rjc","status":"publish","type":"page","link":"https:\/\/www.chiampesanfabris.it\/en\/italiano-rjc\/","title":{"rendered":"RJC"},"content":{"rendered":"\t\t<div data-elementor-type=\"wp-page\" data-elementor-id=\"739\" class=\"elementor elementor-739\">\n\t\t\t\t<div class=\"elementor-element elementor-element-1b0b5bd e-flex e-con-boxed e-con e-parent\" data-id=\"1b0b5bd\" data-element_type=\"container\">\n\t\t\t\t\t<div class=\"e-con-inner\">\n\t\t\t\t<div class=\"elementor-element elementor-element-919e7b5 elementor-widget elementor-widget-heading\" data-id=\"919e7b5\" data-element_type=\"widget\" data-widget_type=\"heading.default\">\n\t\t\t\t<div class=\"elementor-widget-container\">\n\t\t\t<style>\/*! elementor - v3.22.0 - 26-06-2024 *\/\n.elementor-heading-title{padding:0;margin:0;line-height:1}.elementor-widget-heading .elementor-heading-title[class*=elementor-size-]>a{color:inherit;font-size:inherit;line-height:inherit}.elementor-widget-heading .elementor-heading-title.elementor-size-small{font-size:15px}.elementor-widget-heading .elementor-heading-title.elementor-size-medium{font-size:19px}.elementor-widget-heading .elementor-heading-title.elementor-size-large{font-size:29px}.elementor-widget-heading .elementor-heading-title.elementor-size-xl{font-size:39px}.elementor-widget-heading .elementor-heading-title.elementor-size-xxl{font-size:59px}<\/style><h2 class=\"elementor-heading-title elementor-size-default\">POLITICA RJC<\/h2>\t\t<\/div>\n\t\t\t\t<\/div>\n\t\t\t\t<div class=\"elementor-element elementor-element-ff550b1 elementor-widget-divider--view-line elementor-widget elementor-widget-divider\" data-id=\"ff550b1\" data-element_type=\"widget\" data-widget_type=\"divider.default\">\n\t\t\t\t<div class=\"elementor-widget-container\">\n\t\t\t<style>\/*! elementor - v3.22.0 - 26-06-2024 *\/\n.elementor-widget-divider{--divider-border-style:none;--divider-border-width:1px;--divider-color:#0c0d0e;--divider-icon-size:20px;--divider-element-spacing:10px;--divider-pattern-height:24px;--divider-pattern-size:20px;--divider-pattern-url:none;--divider-pattern-repeat:repeat-x}.elementor-widget-divider .elementor-divider{display:flex}.elementor-widget-divider .elementor-divider__text{font-size:15px;line-height:1;max-width:95%}.elementor-widget-divider .elementor-divider__element{margin:0 var(--divider-element-spacing);flex-shrink:0}.elementor-widget-divider .elementor-icon{font-size:var(--divider-icon-size)}.elementor-widget-divider .elementor-divider-separator{display:flex;margin:0;direction:ltr}.elementor-widget-divider--view-line_icon .elementor-divider-separator,.elementor-widget-divider--view-line_text .elementor-divider-separator{align-items:center}.elementor-widget-divider--view-line_icon .elementor-divider-separator:after,.elementor-widget-divider--view-line_icon .elementor-divider-separator:before,.elementor-widget-divider--view-line_text .elementor-divider-separator:after,.elementor-widget-divider--view-line_text .elementor-divider-separator:before{display:block;content:\"\";border-block-end:0;flex-grow:1;border-block-start:var(--divider-border-width) var(--divider-border-style) var(--divider-color)}.elementor-widget-divider--element-align-left .elementor-divider .elementor-divider-separator>.elementor-divider__svg:first-of-type{flex-grow:0;flex-shrink:100}.elementor-widget-divider--element-align-left .elementor-divider-separator:before{content:none}.elementor-widget-divider--element-align-left .elementor-divider__element{margin-left:0}.elementor-widget-divider--element-align-right .elementor-divider .elementor-divider-separator>.elementor-divider__svg:last-of-type{flex-grow:0;flex-shrink:100}.elementor-widget-divider--element-align-right .elementor-divider-separator:after{content:none}.elementor-widget-divider--element-align-right .elementor-divider__element{margin-right:0}.elementor-widget-divider--element-align-start .elementor-divider .elementor-divider-separator>.elementor-divider__svg:first-of-type{flex-grow:0;flex-shrink:100}.elementor-widget-divider--element-align-start .elementor-divider-separator:before{content:none}.elementor-widget-divider--element-align-start .elementor-divider__element{margin-inline-start:0}.elementor-widget-divider--element-align-end .elementor-divider .elementor-divider-separator>.elementor-divider__svg:last-of-type{flex-grow:0;flex-shrink:100}.elementor-widget-divider--element-align-end .elementor-divider-separator:after{content:none}.elementor-widget-divider--element-align-end .elementor-divider__element{margin-inline-end:0}.elementor-widget-divider:not(.elementor-widget-divider--view-line_text):not(.elementor-widget-divider--view-line_icon) .elementor-divider-separator{border-block-start:var(--divider-border-width) var(--divider-border-style) var(--divider-color)}.elementor-widget-divider--separator-type-pattern{--divider-border-style:none}.elementor-widget-divider--separator-type-pattern.elementor-widget-divider--view-line .elementor-divider-separator,.elementor-widget-divider--separator-type-pattern:not(.elementor-widget-divider--view-line) .elementor-divider-separator:after,.elementor-widget-divider--separator-type-pattern:not(.elementor-widget-divider--view-line) .elementor-divider-separator:before,.elementor-widget-divider--separator-type-pattern:not([class*=elementor-widget-divider--view]) .elementor-divider-separator{width:100%;min-height:var(--divider-pattern-height);-webkit-mask-size:var(--divider-pattern-size) 100%;mask-size:var(--divider-pattern-size) 100%;-webkit-mask-repeat:var(--divider-pattern-repeat);mask-repeat:var(--divider-pattern-repeat);background-color:var(--divider-color);-webkit-mask-image:var(--divider-pattern-url);mask-image:var(--divider-pattern-url)}.elementor-widget-divider--no-spacing{--divider-pattern-size:auto}.elementor-widget-divider--bg-round{--divider-pattern-repeat:round}.rtl .elementor-widget-divider .elementor-divider__text{direction:rtl}.e-con-inner>.elementor-widget-divider,.e-con>.elementor-widget-divider{width:var(--container-widget-width,100%);--flex-grow:var(--container-widget-flex-grow)}<\/style>\t\t<div class=\"elementor-divider\">\n\t\t\t<span class=\"elementor-divider-separator\">\n\t\t\t\t\t\t<\/span>\n\t\t<\/div>\n\t\t\t\t<\/div>\n\t\t\t\t<\/div>\n\t\t\t\t\t<\/div>\n\t\t\t\t<\/div>\n\t\t<div class=\"elementor-element elementor-element-8bcb75e e-flex e-con-boxed e-con e-parent\" data-id=\"8bcb75e\" data-element_type=\"container\">\n\t\t\t\t\t<div class=\"e-con-inner\">\n\t\t\t\t<div class=\"elementor-element elementor-element-d44db59 elementor-widget elementor-widget-text-editor\" data-id=\"d44db59\" data-element_type=\"widget\" data-widget_type=\"text-editor.default\">\n\t\t\t\t<div class=\"elementor-widget-container\">\n\t\t\t<style>\/*! elementor - v3.22.0 - 26-06-2024 *\/\n.elementor-widget-text-editor.elementor-drop-cap-view-stacked .elementor-drop-cap{background-color:#69727d;color:#fff}.elementor-widget-text-editor.elementor-drop-cap-view-framed .elementor-drop-cap{color:#69727d;border:3px solid;background-color:transparent}.elementor-widget-text-editor:not(.elementor-drop-cap-view-default) .elementor-drop-cap{margin-top:8px}.elementor-widget-text-editor:not(.elementor-drop-cap-view-default) .elementor-drop-cap-letter{width:1em;height:1em}.elementor-widget-text-editor .elementor-drop-cap{float:left;text-align:center;line-height:1;font-size:50px}.elementor-widget-text-editor .elementor-drop-cap-letter{display:inline-block}<\/style>\t\t\t\t<p>Chiampesan Fabris Srl nasce nel 1959 da Lino Chiampesan che fonda l\u2019omonima azienda.<\/p><p>Tra gli anni \u201860-\u201870, Chiampesan conquista il mercato nazionale ed internazionale attraverso collezioni nate dall\u2019oro stampato e diventa punto di riferimento ed un modello per le altre aziende. Tra gli anni \u201870 e \u201880 l\u2019azienda si sviluppa nei mercati esteri, tanto che nel 1983 vince la 5\u00b0 edizione del premio Export patrocinato dal Ministero per il Commercio Estero.<\/p><p>Negli anni \u201880-\u201890 la prestigiosa rivista Giapponese Nikkei Jewellery segnala Chiampesan tra le pi\u00f9 importanti aziende del settore orafo, certificando il suo successo nell\u2019esigente mercato giapponese grazie all\u2019utilizzo della tecnica della satinatura a mano. Nel 2014 Chiampesan si fonde con il marchio Diemmeffe e prosegue la tradizione di questo marchio nella produzione a mosaico.<\/p><p>Per garantire ai nostri clienti la qualit\u00e0, la sicurezza e la conformit\u00e0 dei nostri prodotti, dal 2019 Chiampesan Fabris Srl \u00e8 membro del <strong>Responsible Jewellery Council (RJC)<\/strong>.<\/p><p>Il RJC \u00e8 un&#8217;associazione internazionale senza scopo di lucro che raggruppa pi\u00f9 di 1.100 imprese operanti in tutta la filiera che alimenta il comparto dei diamanti, dell&#8217;oreficeria e dei platinoidi, dall&#8217;estrazione mineraria al commercio al dettaglio. I membri del RJC sono impegnati a promuovere il rispetto dell&#8217;etica, dei diritti umani e dell&#8217;ambiente adottando buone pratiche sociali e ambientali, in modo trasparente e in tutta la filiera. Lo scopo di questo impegno \u00e8 di offrire garanzie credibili sia sulla qualit\u00e0 dei prodotti sia sull&#8217;eticit\u00e0 della filiera di produzione. Il RJC ha sviluppato un sistema di certificazione a cui tutti i membri devono attenersi e il cui rispetto deve essere verificato da un certificatore accreditato.<\/p><p>In qualit\u00e0 di membri RJC, Chiampesan Fabris Srl si impegna a svolgere la propria attivit\u00e0 in conformit\u00e0 al codice di procedura RJC. Si impegna, quindi, ad integrare considerazioni etiche in materia di diritti umani, sociali e ambientali nelle attivit\u00e0 quotidiane, nella pianificazione aziendale e nei processi decisionali.<\/p><p>Nel Bilancio di Sostenibilit\u00e0, redatto ogni anno dall\u2019azienda e disponibile per la consultazione in calce alla pagina, sono definite le performance aziendali in merito agli obiettivi specifici che di anno in anno l\u2019azienda si pone.<br \/>In particolare, tali principi si possono generalmente cos\u00ec riassumere:<\/p><ul><li>\u2022 Rispetto di buone pratiche commerciali (assenza di corruzione)<\/li><li>\u2022 Assenza di lavoro minorile<\/li><li>\u2022 Assenza di lavoro forzato<\/li><li>\u2022 Rispetto dei requisiti di salute e sicurezza<\/li><li>\u2022 Libert\u00e0 di associazione<\/li><li>\u2022 Assenza di discriminazione<\/li><li>\u2022 Corretta gestione di pratiche disciplinari in ottemperanza a requisiti cogenti e di corretta gestione dei lavoratori<br \/>\u2022 Corretta e dignitosa retribuzione<\/li><li>\u2022 Orario di lavoro coerente con i requisiti dettati dal CCNL applicabile<\/li><li>\u2022 Rispetto dell\u2019ambiente e promozione della riduzione dei consumi e delle buone prassi nella gestione dei rifiuti e delle risorse non riproducibili<\/li><li>\u2022 Condanna e rifiuto di qualsiasi attivit\u00e0 legata ai crimini di guerra, violazioni del diritto internazionale umanitario, crimini contro l\u2019umanit\u00e0 o genocidi<\/li><li>\u2022 Impegno a non dare alcun supporto diretto o indiretto a gruppi armati, a combattere la corruzione o le cattive pratiche della filiera dell\u2019oro, argento, diamanti e pietre preziose e gli abusi associati all\u2019estrazione, trasporto e commercio di essi<\/li><li>\u2022 Impegno a non offrire, promettere o richiedere tangenti e opposizione alla sollecitazione di tangenti, richiesta di occultare, dissimulare l\u2019origine dell\u2019oro, argento e diamanti e pietre preziose dichiarare il falso in materia di tasse, imposte, tariffe e royalty pagate ai governi a scopo di estrazione, commercio, movimentazione, trasporto ed esportazione di oro, argento, diamanti e pietre preziose<\/li><li>\u2022 Impegno affinch\u00e9 tutte le attivit\u00e0 di vigilanza privata e le misure di sicurezza a difesa del patrimonio siano conformi alle leggi nazionali nel rispetto della dignit\u00e0 del lavoratore.<\/li><\/ul><p>\u00a0<\/p><p>Nel rispetto di tali requisiti, l\u2019azienda dichiara di ottemperare alle seguenti normative e Convenzioni:<\/p><ul><li>\u2022 allo Standard volontario RJC CoP- 2019<\/li><li>\u2022 allo Standard volontario RJC \u2013 Coc 2017<br \/>\u2022 alle Convenzioni dell\u2019Organizzazione Internazionale del Lavoro (ILO)<\/li><li>\u2022 alla Convenzione delle Nazioni Unite sui diritti del bambino<\/li><li>\u2022 alla Dichiarazione Universale dei Diritti Umani<\/li><li>\u2022 alla Convenzione delle Nazioni Unite sull\u2019eliminazione di tutte le forme di discriminazione contro le donne e di tutte le forme di discriminazione razziale<\/li><li>\u2022 al Patto Internazionale sui diritti Civili e Politici e sui diritti economici, sociali e culturali<\/li><li>\u2022 a tutte le leggi nazionali ed internazionali in materia, ivi inclusi il D.Lgs. 81\/2008 e successive modificazioni, relativo alla salute e sicurezza nei luoghi di lavoro ed il Regolamento Europeo 679\/2016 relativo alla riservatezza e trattamento dei dati personali e al D. Lgs 152\/2006 in materia ambientale e successive modificazioni<\/li><li>\u2022 alle prescrizioni del D.Lgs. 231\/2001 in materia diresponsabilit\u00e0 amministrativa d\u2019impresa<\/li><li>\u2022 alla linea Guida OCSE sulla due diligence per filiere responsabili di minerali provenienti da aree di conflitto e ad alto rischio.<\/li><\/ul>\t\t\t\t\t\t<\/div>\n\t\t\t\t<\/div>\n\t\t\t\t\t<\/div>\n\t\t\t\t<\/div>\n\t\t<div class=\"elementor-element elementor-element-cb304e0 e-flex e-con-boxed e-con e-parent\" data-id=\"cb304e0\" data-element_type=\"container\">\n\t\t\t\t\t<div class=\"e-con-inner\">\n\t\t\t\t<div class=\"elementor-element elementor-element-a2d6990 elementor-align-center elementor-widget elementor-widget-button\" data-id=\"a2d6990\" data-element_type=\"widget\" data-widget_type=\"button.default\">\n\t\t\t\t<div class=\"elementor-widget-container\">\n\t\t\t\t\t<div class=\"elementor-button-wrapper\">\n\t\t\t<a class=\"elementor-button elementor-button-link elementor-size-sm\" href=\"http:\/\/www.chiampesanfabris.it\/wp-content\/uploads\/2025\/11\/Bilancio-di-Sostenibilita-anno-2024-web.pdf\">\n\t\t\t\t\t\t<span class=\"elementor-button-content-wrapper\">\n\t\t\t\t\t\t\t\t\t<span class=\"elementor-button-text\">SCARICA IL BILANCIO DI SOSTENIBILIT\u00c1<\/span>\n\t\t\t\t\t<\/span>\n\t\t\t\t\t<\/a>\n\t\t<\/div>\n\t\t\t\t<\/div>\n\t\t\t\t<\/div>\n\t\t<div class=\"elementor-element elementor-element-231d313 e-flex e-con-boxed e-con e-child\" data-id=\"231d313\" data-element_type=\"container\">\n\t\t\t\t\t<div class=\"e-con-inner\">\n\t\t\t\t<div class=\"elementor-element elementor-element-89f6034 elementor-widget elementor-widget-heading\" data-id=\"89f6034\" data-element_type=\"widget\" data-widget_type=\"heading.default\">\n\t\t\t\t<div class=\"elementor-widget-container\">\n\t\t\t<h2 class=\"elementor-heading-title elementor-size-default\">SEGNALAZIONI, RECLAMI E SUGGERIMENTI RJC<\/h2>\t\t<\/div>\n\t\t\t\t<\/div>\n\t\t\t\t<div class=\"elementor-element elementor-element-aa97fce elementor-widget-divider--view-line elementor-widget elementor-widget-divider\" data-id=\"aa97fce\" data-element_type=\"widget\" data-widget_type=\"divider.default\">\n\t\t\t\t<div class=\"elementor-widget-container\">\n\t\t\t\t\t<div class=\"elementor-divider\">\n\t\t\t<span class=\"elementor-divider-separator\">\n\t\t\t\t\t\t<\/span>\n\t\t<\/div>\n\t\t\t\t<\/div>\n\t\t\t\t<\/div>\n\t\t\t\t\t<\/div>\n\t\t\t\t<\/div>\n\t\t<div class=\"elementor-element elementor-element-8e1f5aa e-flex e-con-boxed e-con e-child\" data-id=\"8e1f5aa\" data-element_type=\"container\">\n\t\t\t\t\t<div class=\"e-con-inner\">\n\t\t\t\t<div class=\"elementor-element elementor-element-72d4555 elementor-widget elementor-widget-text-editor\" data-id=\"72d4555\" data-element_type=\"widget\" data-widget_type=\"text-editor.default\">\n\t\t\t\t<div class=\"elementor-widget-container\">\n\t\t\t\t\t\t\t<p>Il sistema di responsabilit\u00e0 sociale implementato da Chiampesan Fabris Srl prevede la possibilit\u00e0, da parte di tutti gli stakeholders, di segnalare problematiche o dare dei suggerimenti di miglioramento in riferimento al sistema etico implementato. In particolare, per qualsiasi problema si pu\u00f2 contattare o comunicare la problematica nel seguente modo:<\/p><ul><li>\u2022 scrivendo all\u2019indirizzo di posta: Team RJC, Via Luigi Galvani n. 2, 36066 Sandrigo (VI)<\/li><li>\u2022 scrivendo all\u2019indirizzo e-mail: info@chiampesanfabris.it (indicando come oggetto della mail \u201cSegnalazione RJC\u201d)<\/li><\/ul><p>\u00a0<\/p><p>La segnalazione viene letta in prima battuta da un membro del team RJC, che convoca l\u2019intero team RJC, gruppo composto in maniera equilibrata da rappresentanti dei lavoratori e rappresentanti del management, al fine di individuare possibili soluzioni. A risoluzione\/azione correttiva adottata, \u00e8 compito del team riassumere le azioni intraprese all\u2019interno del Bilancio di Sostenibilit\u00e0, documento che viene emesso una volta l\u2019anno ed inserito nel sito internet aziendale.<\/p><p>Pertanto, ad evidenza del corretto funzionamento del sistema etico, tutte le attivit\u00e0 svolte a fronte di segnalazioni\/suggerimenti\/spunti di miglioramento che possano derivare dalle parti interessate (interne ed esterne) sono riassunte all\u2019interno del Bilancio di Sostenibilit\u00e0.<\/p>\t\t\t\t\t\t<\/div>\n\t\t\t\t<\/div>\n\t\t\t\t\t<\/div>\n\t\t\t\t<\/div>\n\t\t<div class=\"elementor-element elementor-element-dbe7082 e-flex e-con-boxed e-con e-child\" data-id=\"dbe7082\" data-element_type=\"container\">\n\t\t\t\t\t<div class=\"e-con-inner\">\n\t\t\t\t<div class=\"elementor-element elementor-element-944185d elementor-align-center elementor-widget elementor-widget-button\" data-id=\"944185d\" data-element_type=\"widget\" data-widget_type=\"button.default\">\n\t\t\t\t<div class=\"elementor-widget-container\">\n\t\t\t\t\t<div class=\"elementor-button-wrapper\">\n\t\t\t<a class=\"elementor-button elementor-button-link elementor-size-sm\" href=\"https:\/\/www.chiampesanfabris.it\/wp-content\/uploads\/2024\/04\/Modulo-segnalazione-RJC.pdf\">\n\t\t\t\t\t\t<span class=\"elementor-button-content-wrapper\">\n\t\t\t\t\t\t\t\t\t<span class=\"elementor-button-text\">SCARICA IL VERBALE DI SEGNALAZIONE \/ RECLAMO RJC<\/span>\n\t\t\t\t\t<\/span>\n\t\t\t\t\t<\/a>\n\t\t<\/div>\n\t\t\t\t<\/div>\n\t\t\t\t<\/div>\n\t\t\t\t\t<\/div>\n\t\t\t\t<\/div>\n\t\t\t\t\t<\/div>\n\t\t\t\t<\/div>\n\t\t<div class=\"elementor-element elementor-element-bbca479 e-flex e-con-boxed e-con e-parent\" data-id=\"bbca479\" data-element_type=\"container\">\n\t\t\t\t\t<div class=\"e-con-inner\">\n\t\t\t\t<div class=\"elementor-element elementor-element-b001fa7 elementor-widget elementor-widget-heading\" data-id=\"b001fa7\" data-element_type=\"widget\" data-widget_type=\"heading.default\">\n\t\t\t\t<div class=\"elementor-widget-container\">\n\t\t\t<h2 class=\"elementor-heading-title elementor-size-default\">LE NOSTRE CERTIFICAZIONI<\/h2>\t\t<\/div>\n\t\t\t\t<\/div>\n\t\t\t\t<div class=\"elementor-element elementor-element-9d158ca elementor-widget elementor-widget-spacer\" data-id=\"9d158ca\" data-element_type=\"widget\" data-widget_type=\"spacer.default\">\n\t\t\t\t<div class=\"elementor-widget-container\">\n\t\t\t<style>\/*! elementor - v3.22.0 - 26-06-2024 *\/\n.elementor-column .elementor-spacer-inner{height:var(--spacer-size)}.e-con{--container-widget-width:100%}.e-con-inner>.elementor-widget-spacer,.e-con>.elementor-widget-spacer{width:var(--container-widget-width,var(--spacer-size));--align-self:var(--container-widget-align-self,initial);--flex-shrink:0}.e-con-inner>.elementor-widget-spacer>.elementor-widget-container,.e-con>.elementor-widget-spacer>.elementor-widget-container{height:100%;width:100%}.e-con-inner>.elementor-widget-spacer>.elementor-widget-container>.elementor-spacer,.e-con>.elementor-widget-spacer>.elementor-widget-container>.elementor-spacer{height:100%}.e-con-inner>.elementor-widget-spacer>.elementor-widget-container>.elementor-spacer>.elementor-spacer-inner,.e-con>.elementor-widget-spacer>.elementor-widget-container>.elementor-spacer>.elementor-spacer-inner{height:var(--container-widget-height,var(--spacer-size))}.e-con-inner>.elementor-widget-spacer.elementor-widget-empty,.e-con>.elementor-widget-spacer.elementor-widget-empty{position:relative;min-height:22px;min-width:22px}.e-con-inner>.elementor-widget-spacer.elementor-widget-empty .elementor-widget-empty-icon,.e-con>.elementor-widget-spacer.elementor-widget-empty .elementor-widget-empty-icon{position:absolute;top:0;bottom:0;left:0;right:0;margin:auto;padding:0;width:22px;height:22px}<\/style>\t\t<div class=\"elementor-spacer\">\n\t\t\t<div class=\"elementor-spacer-inner\"><\/div>\n\t\t<\/div>\n\t\t\t\t<\/div>\n\t\t\t\t<\/div>\n\t\t\t\t\t<\/div>\n\t\t\t\t<\/div>\n\t\t<div class=\"elementor-element elementor-element-df00bff e-flex e-con-boxed e-con e-parent\" data-id=\"df00bff\" data-element_type=\"container\">\n\t\t\t\t\t<div class=\"e-con-inner\">\n\t\t<div class=\"elementor-element elementor-element-3f8ef3c e-con-full e-flex e-con e-child\" data-id=\"3f8ef3c\" data-element_type=\"container\">\n\t\t\t\t<div class=\"elementor-element elementor-element-5929c8c elementor-widget elementor-widget-image\" data-id=\"5929c8c\" data-element_type=\"widget\" data-widget_type=\"image.default\">\n\t\t\t\t<div class=\"elementor-widget-container\">\n\t\t\t<style>\/*! elementor - v3.22.0 - 26-06-2024 *\/\n.elementor-widget-image{text-align:center}.elementor-widget-image a{display:inline-block}.elementor-widget-image a img[src$=\".svg\"]{width:48px}.elementor-widget-image img{vertical-align:middle;display:inline-block}<\/style>\t\t\t\t\t\t\t\t\t\t\t<a href=\"http:\/\/www.chiampesanfabris.it\/wp-content\/uploads\/2024\/09\/0000-5387-RJC-Certificate-COP.pdf\">\n\t\t\t\t\t\t\t<img fetchpriority=\"high\" decoding=\"async\" width=\"561\" height=\"359\" src=\"https:\/\/www.chiampesanfabris.it\/wp-content\/uploads\/2024\/09\/RJC.jpg\" class=\"attachment-large size-large wp-image-841\" alt=\"\" srcset=\"https:\/\/www.chiampesanfabris.it\/wp-content\/uploads\/2024\/09\/RJC.jpg 561w, https:\/\/www.chiampesanfabris.it\/wp-content\/uploads\/2024\/09\/RJC-500x320.jpg 500w\" sizes=\"(max-width: 561px) 100vw, 561px\" \/>\t\t\t\t\t\t\t\t<\/a>\n\t\t\t\t\t\t\t\t\t\t\t\t\t<\/div>\n\t\t\t\t<\/div>\n\t\t\t\t<\/div>\n\t\t<div class=\"elementor-element elementor-element-ebf6ad4 e-con-full e-flex e-con e-child\" data-id=\"ebf6ad4\" data-element_type=\"container\" data-settings=\"{&quot;background_background&quot;:&quot;classic&quot;}\">\n\t\t\t\t<\/div>\n\t\t<div class=\"elementor-element elementor-element-0350cd3 e-con-full e-flex e-con e-child\" data-id=\"0350cd3\" data-element_type=\"container\">\n\t\t\t\t<div class=\"elementor-element elementor-element-d242b38 elementor-widget elementor-widget-image\" data-id=\"d242b38\" data-element_type=\"widget\" data-widget_type=\"image.default\">\n\t\t\t\t<div class=\"elementor-widget-container\">\n\t\t\t\t\t\t\t\t\t\t\t\t\t\t<a href=\"http:\/\/www.chiampesanfabris.it\/wp-content\/uploads\/2024\/09\/Chiampesan-Fabris-SRL-RJC-Certificate-COC.pdf\">\n\t\t\t\t\t\t\t<img decoding=\"async\" width=\"561\" height=\"359\" src=\"https:\/\/www.chiampesanfabris.it\/wp-content\/uploads\/2024\/09\/COC.jpg\" class=\"attachment-large size-large wp-image-842\" alt=\"\" srcset=\"https:\/\/www.chiampesanfabris.it\/wp-content\/uploads\/2024\/09\/COC.jpg 561w, https:\/\/www.chiampesanfabris.it\/wp-content\/uploads\/2024\/09\/COC-500x320.jpg 500w\" sizes=\"(max-width: 561px) 100vw, 561px\" \/>\t\t\t\t\t\t\t\t<\/a>\n\t\t\t\t\t\t\t\t\t\t\t\t\t<\/div>\n\t\t\t\t<\/div>\n\t\t\t\t<\/div>\n\t\t\t\t\t<\/div>\n\t\t\t\t<\/div>\n\t\t\t\t<\/div>\n\t\t","protected":false},"excerpt":{"rendered":"<p>POLITICA RJC Chiampesan Fabris Srl nasce nel 1959 da Lino Chiampesan che fonda l\u2019omonima azienda. Tra gli anni \u201860-\u201870, Chiampesan [&hellip;]<\/p>\n","protected":false},"author":1,"featured_media":0,"parent":0,"menu_order":0,"comment_status":"closed","ping_status":"closed","template":"elementor_header_footer","meta":{"_acf_changed":false,"_exactmetrics_skip_tracking":false,"_exactmetrics_sitenote_active":false,"_exactmetrics_sitenote_note":"","_exactmetrics_sitenote_category":0,"footnotes":""},"acf":[],"aioseo_notices":[],"_links":{"self":[{"href":"https:\/\/www.chiampesanfabris.it\/en\/wp-json\/wp\/v2\/pages\/739"}],"collection":[{"href":"https:\/\/www.chiampesanfabris.it\/en\/wp-json\/wp\/v2\/pages"}],"about":[{"href":"https:\/\/www.chiampesanfabris.it\/en\/wp-json\/wp\/v2\/types\/page"}],"author":[{"embeddable":true,"href":"https:\/\/www.chiampesanfabris.it\/en\/wp-json\/wp\/v2\/users\/1"}],"replies":[{"embeddable":true,"href":"https:\/\/www.chiampesanfabris.it\/en\/wp-json\/wp\/v2\/comments?post=739"}],"version-history":[{"count":81,"href":"https:\/\/www.chiampesanfabris.it\/en\/wp-json\/wp\/v2\/pages\/739\/revisions"}],"predecessor-version":[{"id":866,"href":"https:\/\/www.chiampesanfabris.it\/en\/wp-json\/wp\/v2\/pages\/739\/revisions\/866"}],"wp:attachment":[{"href":"https:\/\/www.chiampesanfabris.it\/en\/wp-json\/wp\/v2\/media?parent=739"}],"curies":[{"name":"wp","href":"https:\/\/api.w.org\/{rel}","templated":true}]}}